{"id":3525,"date":"2026-01-05T15:14:50","date_gmt":"2026-01-05T12:14:50","guid":{"rendered":"https:\/\/wowuniversity.org\/sveikatosklubas\/?page_id=3525"},"modified":"2026-01-05T15:15:10","modified_gmt":"2026-01-05T12:15:10","slug":"prisijungti","status":"publish","type":"page","link":"https:\/\/wowuniversity.org\/sveikatosklubas\/prisijungti\/","title":{"rendered":"Prisijungti"},"content":{"rendered":"\n<style>\n  \/* 1) Pasl\u0117pti automatin\u0119 antra\u0161t\u0119 *\/\n  h1.entry-title {\n    --page-title-display: none !important;\n  }\n\n  \/* 2) Stiliaus pataisos \u012fvedimo lauko *\/\n  #user_email_username {\n    width:100%!important;\n    padding:0.75rem!important;\n    margin-bottom:1rem!important;\n    border:1px solid #ccc!important;\n    border-radius:4px!important;\n    box-sizing:border-box!important;\n    font-size:1rem!important;\n  }\n\n  \/* 3) Pataisos prisijungimo mygtukui *\/\n  #wpa-submit {\n    display: block!important;\n    width: 60%!important;\n    max-width: 240px!important;\n    margin: 1.5rem auto 0!important;\n    padding: 0.75rem 0 2.4rem 0!important;\n    line-height: 1.4!important;\n    font-size: 1.125rem!important;\n    font-weight: 400!important;\n    text-align: center!important;\n    background-color: #393996!important;\n    color: #fff!important;\n    border: none!important;\n    border-radius: 24px!important;\n    cursor: pointer!important;\n    box-sizing: border-box!important;\n    transition: background 0.2s!important;\n    text-transform: none!important;\n  }\n  #wpa-submit:hover {\n    background-color: #2e2e7a!important;\n  }\n\n  \/* 4) Etiketes gra\u017eesniam vaizdui *\/\n  #wpaloginform label {\n    display: block!important;\n    margin-bottom: 0.5rem!important;\n    font-size: 1rem!important;\n  }\n<\/style>\n\n<div style=\"position:relative; min-height:100vh;\">\n  <main style=\"padding-bottom:200px;\">\n    <div style=\"\n      max-width:400px;\n      width:90%;\n      margin:0 auto;\n      background:#fff;\n      border-radius:8px;\n      box-shadow:0 2px 8px rgba(0,0,0,0.1);\n      padding:20px;\n    \">\n      <h2 style=\"\n        margin-bottom:1rem;\n        font-size:1.5rem;\n        text-align:center;\n      \">\n        Prisijunkite prie paskyros\n      <\/h2>\n\n      <!-- NAUJAS PRANE\u0160IMAS PRID\u0116TAS \u010cIA -->\n      <p style=\"text-align:center; font-size:0.9rem; color:#555; margin-bottom: 1.5rem;\">\n        Svarbu: atsi\u0173sta prisijungimo nuoroda galios 24 valandas.\n      <\/p>\n\n      <!-- 5) \u010cia \u012fdedame Passwordless\u2011Login trump\u0105j\u012f kod\u0105 -->\n      \t<form name=\"wpaloginform\" id=\"wpaloginform\" action=\"\" method=\"post\">\n\t\t<p>\n\t\t\t<label for=\"user_email_username\">Prisijunkite el. pa\u0161to adresu<\/label>\n\t\t\t<input type=\"text\" name=\"user_email_username\" id=\"user_email_username\" class=\"input\" value=\"\" size=\"25\" \/>\n\t\t\t<input type=\"submit\" name=\"wpa-submit\" id=\"wpa-submit\" class=\"button-primary\" value=\"Log In\" \/>\n\t\t<\/p>\n\t\t\t\t<input type=\"hidden\" id=\"nonce\" name=\"nonce\" value=\"34fd4d6e94\" \/>\n\t<\/form>\n\n\n    <\/div>\n  <\/main>\n<\/div>\n","protected":false},"excerpt":{"rendered":"<p>Prisijunkite prie paskyros Svarbu: atsi\u0173sta prisijungimo nuoroda galios 24 valandas.<\/p>\n","protected":false},"author":1,"featured_media":0,"parent":0,"menu_order":0,"comment_status":"closed","ping_status":"closed","template":"","meta":{"footnotes":""},"class_list":["post-3525","page","type-page","status-publish","hentry"],"_links":{"self":[{"href":"https:\/\/wowuniversity.org\/sveikatosklubas\/wp-json\/wp\/v2\/pages\/3525","targetHints":{"allow":["GET"]}}],"collection":[{"href":"https:\/\/wowuniversity.org\/sveikatosklubas\/wp-json\/wp\/v2\/pages"}],"about":[{"href":"https:\/\/wowuniversity.org\/sveikatosklubas\/wp-json\/wp\/v2\/types\/page"}],"author":[{"embeddable":true,"href":"https:\/\/wowuniversity.org\/sveikatosklubas\/wp-json\/wp\/v2\/users\/1"}],"replies":[{"embeddable":true,"href":"https:\/\/wowuniversity.org\/sveikatosklubas\/wp-json\/wp\/v2\/comments?post=3525"}],"version-history":[{"count":2,"href":"https:\/\/wowuniversity.org\/sveikatosklubas\/wp-json\/wp\/v2\/pages\/3525\/revisions"}],"predecessor-version":[{"id":3527,"href":"https:\/\/wowuniversity.org\/sveikatosklubas\/wp-json\/wp\/v2\/pages\/3525\/revisions\/3527"}],"wp:attachment":[{"href":"https:\/\/wowuniversity.org\/sveikatosklubas\/wp-json\/wp\/v2\/media?parent=3525"}],"curies":[{"name":"wp","href":"https:\/\/api.w.org\/{rel}","templated":true}]}}