{"id":117,"date":"2024-03-12T05:42:29","date_gmt":"2024-03-12T05:42:29","guid":{"rendered":"https:\/\/wowuniversity.org\/sveikatosklubas\/?post_type=product&#038;p=117"},"modified":"2026-04-09T18:42:30","modified_gmt":"2026-04-09T15:42:30","slug":"sveikatos-klubo-naryste","status":"publish","type":"product","link":"https:\/\/wowuniversity.org\/sveikatosklubas\/product\/sveikatos-klubo-naryste\/","title":{"rendered":"Sveikatos klubo naryst\u0117"},"content":{"rendered":"","protected":false},"excerpt":{"rendered":"<p>Sveikatos klubas, tai unikali galimyb\u0117 gauti i\u0161skirtines paskaitas, dalyvauti renginiuose ir prisijungti prie nuolat augan\u010dios sveikatinimosi bendruomen\u0117s.<\/p>\n<p>Klube geriausi savo sri\u010di\u0173 ekspertai dalinasi naujausiomis \u017einiomis <strong>mitybos, jud\u0117jimo, streso ma\u017einimo, relaksacijos ir ilgaam\u017ei\u0161kumo temomis. \u012esigij\u0119 \u0161\u012f kurs\u0105 dabar j\u016bs gausite prieig\u0105 prie jau \u012fvykusi\u0173 paskait\u0173 ir u\u017esi\u0117mim\u0173 videotekos &#8211; net\u00a0<b data-stringify-type=\"bold\">20 mitybos konsultacij\u0173 ir 44 paskait\u0173 \u012fra\u0161\u0173<\/b>!<\/strong><\/p>\n<p>Klubas veikia naryst\u0117s principu:<\/p>\n<ul>\n<li>galima i\u0161bandyti 1 m\u0117nesiui &#8211; 24 eur, mokama kas m\u0117nes\u012f (228 eur u\u017e metus);<\/li>\n<li>arba prisijungti 1 metams &#8211; 16.58 eur per m\u0117nes\u012f (mokama 199 eur i\u0161 karto u\u017e visus metus) .<\/li>\n<\/ul>\n<p>Jei <strong>organizacija<\/strong> nor\u0117t\u0173 padovanoti narystes savo darbuotojams, taip paskatindama j\u0173 visapusi\u0161k\u0105 gerov\u0119 (well-being), \u012fsigyjant ne ma\u017eiau nei 10 narys\u010di\u0173, taikomos nuolaidos. <em><strong>D\u0117l pasi\u016blym\u0173 kreipkit\u0117s el. pa\u0161tu: <a style=\"color: #15423f; text-decoration: none;\" href=\"mailto:projektai@wowuniversity.org\">projektai@wowuniversity.org\u00a0<\/a><\/strong><\/em><\/p>\n","protected":false},"featured_media":118,"template":"","meta":[],"product_brand":[],"product_cat":[15],"product_tag":[39],"class_list":{"0":"post-117","1":"product","2":"type-product","3":"status-publish","4":"has-post-thumbnail","6":"product_cat-uncategorized","7":"product_tag-naryste","9":"first","10":"instock","11":"sold-individually","12":"shipping-taxable","13":"purchasable","14":"product-type-variable-subscription","15":"has-default-attributes"},"_links":{"self":[{"href":"https:\/\/wowuniversity.org\/sveikatosklubas\/wp-json\/wp\/v2\/product\/117","targetHints":{"allow":["GET"]}}],"collection":[{"href":"https:\/\/wowuniversity.org\/sveikatosklubas\/wp-json\/wp\/v2\/product"}],"about":[{"href":"https:\/\/wowuniversity.org\/sveikatosklubas\/wp-json\/wp\/v2\/types\/product"}],"wp:featuredmedia":[{"embeddable":true,"href":"https:\/\/wowuniversity.org\/sveikatosklubas\/wp-json\/wp\/v2\/media\/118"}],"wp:attachment":[{"href":"https:\/\/wowuniversity.org\/sveikatosklubas\/wp-json\/wp\/v2\/media?parent=117"}],"wp:term":[{"taxonomy":"product_brand","embeddable":true,"href":"https:\/\/wowuniversity.org\/sveikatosklubas\/wp-json\/wp\/v2\/product_brand?post=117"},{"taxonomy":"product_cat","embeddable":true,"href":"https:\/\/wowuniversity.org\/sveikatosklubas\/wp-json\/wp\/v2\/product_cat?post=117"},{"taxonomy":"product_tag","embeddable":true,"href":"https:\/\/wowuniversity.org\/sveikatosklubas\/wp-json\/wp\/v2\/product_tag?post=117"}],"curies":[{"name":"wp","href":"https:\/\/api.w.org\/{rel}","templated":true}]}}